{"id":986,"date":"2020-08-27T12:35:23","date_gmt":"2020-08-27T15:35:23","guid":{"rendered":"http:\/\/tintaskarioka.com.br\/?post_type=product&#038;p=986"},"modified":"2020-08-27T12:45:26","modified_gmt":"2020-08-27T15:45:26","slug":"vinil-acrilica-karioka","status":"publish","type":"product","link":"https:\/\/tintaskarioka.com.br\/index.php\/produto\/vinil-acrilica-karioka\/","title":{"rendered":"VINIL ACR\u00cdLICA KARIOKA"},"content":{"rendered":"\t\t<div data-elementor-type=\"product-post\" data-elementor-id=\"986\" class=\"elementor elementor-986\" data-elementor-settings=\"[]\">\n\t\t\t<div class=\"elementor-inner\">\n\t\t\t\t<div class=\"elementor-section-wrap\">\n\t\t\t\t\t\t\t<section class=\"elementor-element elementor-element-c609e8f elementor-section-boxed elementor-section-height-default elementor-section-height-default elementor-section elementor-top-section\" data-id=\"c609e8f\" data-element_type=\"section\" data-settings=\"{&quot;shape_divider_top&quot;:&quot;mountains&quot;}\">\n\t\t\t\t\t<div class=\"elementor-shape elementor-shape-top\" data-negative=\"false\">\n\t\t\t<svg xmlns=\"http:\/\/www.w3.org\/2000\/svg\" viewBox=\"0 0 1000 100\" preserveAspectRatio=\"none\">\n\t<path class=\"elementor-shape-fill\" opacity=\"0.33\" d=\"M473,67.3c-203.9,88.3-263.1-34-320.3,0C66,119.1,0,59.7,0,59.7V0h1000v59.7 c0,0-62.1,26.1-94.9,29.3c-32.8,3.3-62.8-12.3-75.8-22.1C806,49.6,745.3,8.7,694.9,4.7S492.4,59,473,67.3z\"\/>\n\t<path class=\"elementor-shape-fill\" opacity=\"0.66\" d=\"M734,67.3c-45.5,0-77.2-23.2-129.1-39.1c-28.6-8.7-150.3-10.1-254,39.1 s-91.7-34.4-149.2,0C115.7,118.3,0,39.8,0,39.8V0h1000v36.5c0,0-28.2-18.5-92.1-18.5C810.2,18.1,775.7,67.3,734,67.3z\"\/>\n\t<path class=\"elementor-shape-fill\" d=\"M766.1,28.9c-200-57.5-266,65.5-395.1,19.5C242,1.8,242,5.4,184.8,20.6C128,35.8,132.3,44.9,89.9,52.5C28.6,63.7,0,0,0,0 h1000c0,0-9.9,40.9-83.6,48.1S829.6,47,766.1,28.9z\"\/>\n<\/svg>\t\t<\/div>\n\t\t\t\t\t<div class=\"elementor-container elementor-column-gap-default\">\n\t\t\t\t<div class=\"elementor-row\">\n\t\t\t\t<div class=\"elementor-element elementor-element-580a15f elementor-column elementor-col-100 elementor-top-column\" data-id=\"580a15f\" data-element_type=\"column\">\n\t\t\t<div class=\"elementor-column-wrap  elementor-element-populated\">\n\t\t\t\t\t<div class=\"elementor-widget-wrap\">\n\t\t\t\t<div class=\"elementor-element elementor-element-1bc0128 elementor-widget elementor-widget-spacer\" data-id=\"1bc0128\" data-element_type=\"widget\" data-widget_type=\"spacer.default\">\n\t\t\t\t<div class=\"elementor-widget-container\">\n\t\t\t\t\t<div class=\"elementor-spacer\">\n\t\t\t<div class=\"elementor-spacer-inner\"><\/div>\n\t\t<\/div>\n\t\t\t\t<\/div>\n\t\t\t\t<\/div>\n\t\t\t\t<div class=\"elementor-element elementor-element-03870a9 elementor-widget elementor-widget-heading\" data-id=\"03870a9\" data-element_type=\"widget\" data-widget_type=\"heading.default\">\n\t\t\t\t<div class=\"elementor-widget-container\">\n\t\t\t<h2 class=\"elementor-heading-title elementor-size-default\">Informa\u00e7\u00f5es<\/h2>\t\t<\/div>\n\t\t\t\t<\/div>\n\t\t\t\t<div class=\"elementor-element elementor-element-4f61cb2 elementor-widget elementor-widget-image\" data-id=\"4f61cb2\" data-element_type=\"widget\" data-widget_type=\"image.default\">\n\t\t\t\t<div class=\"elementor-widget-container\">\n\t\t\t\t\t<div class=\"elementor-image\">\n\t\t\t\t\t\t\t\t\t\t<img width=\"768\" height=\"278\" src=\"https:\/\/tintaskarioka.com.br\/wp-content\/uploads\/2020\/08\/VINIL-ACR\u00cdLICA-768x278.png\" class=\"attachment-medium_large size-medium_large\" alt=\"\" decoding=\"async\" loading=\"lazy\" srcset=\"https:\/\/tintaskarioka.com.br\/wp-content\/uploads\/2020\/08\/VINIL-ACR\u00cdLICA-768x278.png 768w, https:\/\/tintaskarioka.com.br\/wp-content\/uploads\/2020\/08\/VINIL-ACR\u00cdLICA-300x108.png 300w, https:\/\/tintaskarioka.com.br\/wp-content\/uploads\/2020\/08\/VINIL-ACR\u00cdLICA-1024x370.png 1024w, https:\/\/tintaskarioka.com.br\/wp-content\/uploads\/2020\/08\/VINIL-ACR\u00cdLICA-1536x555.png 1536w, https:\/\/tintaskarioka.com.br\/wp-content\/uploads\/2020\/08\/VINIL-ACR\u00cdLICA-600x217.png 600w, https:\/\/tintaskarioka.com.br\/wp-content\/uploads\/2020\/08\/VINIL-ACR\u00cdLICA.png 1602w\" sizes=\"(max-width: 768px) 100vw, 768px\" \/>\t\t\t\t\t\t\t\t\t\t\t<\/div>\n\t\t\t\t<\/div>\n\t\t\t\t<\/div>\n\t\t\t\t<div class=\"elementor-element elementor-element-0fe57e0 elementor-widget elementor-widget-spacer\" data-id=\"0fe57e0\" data-element_type=\"widget\" data-widget_type=\"spacer.default\">\n\t\t\t\t<div class=\"elementor-widget-container\">\n\t\t\t\t\t<div class=\"elementor-spacer\">\n\t\t\t<div class=\"elementor-spacer-inner\"><\/div>\n\t\t<\/div>\n\t\t\t\t<\/div>\n\t\t\t\t<\/div>\n\t\t\t\t<div class=\"elementor-element elementor-element-06aa00f elementor-widget elementor-widget-heading\" data-id=\"06aa00f\" data-element_type=\"widget\" data-widget_type=\"heading.default\">\n\t\t\t\t<div class=\"elementor-widget-container\">\n\t\t\t<h2 class=\"elementor-heading-title elementor-size-default\">Paleta de Cores<\/h2>\t\t<\/div>\n\t\t\t\t<\/div>\n\t\t\t\t<div class=\"elementor-element elementor-element-2e8a759 elementor-widget elementor-widget-shortcode\" data-id=\"2e8a759\" data-element_type=\"widget\" data-widget_type=\"shortcode.default\">\n\t\t\t\t<div class=\"elementor-widget-container\">\n\t\t\t\t\t<div class=\"elementor-shortcode\">\t\t<div data-elementor-type=\"section\" data-elementor-id=\"990\" class=\"elementor elementor-990\" data-elementor-settings=\"[]\">\n\t\t\t<div class=\"elementor-inner\">\n\t\t\t\t<div class=\"elementor-section-wrap\">\n\t\t\t\t\t\t\t<section class=\"elementor-element elementor-element-335dba32 elementor-section-boxed elementor-section-height-default elementor-section-height-default elementor-section elementor-top-section\" data-id=\"335dba32\" data-element_type=\"section\">\n\t\t\t\t\t\t<div class=\"elementor-container elementor-column-gap-default\">\n\t\t\t\t<div class=\"elementor-row\">\n\t\t\t\t<div class=\"elementor-element elementor-element-3da85617 elementor-column elementor-col-25 elementor-top-column\" data-id=\"3da85617\" data-element_type=\"column\">\n\t\t\t<div class=\"elementor-column-wrap  elementor-element-populated\">\n\t\t\t\t\t<div class=\"elementor-widget-wrap\">\n\t\t\t\t<div class=\"elementor-element elementor-element-1a4d022b elementor-widget elementor-widget-heading\" data-id=\"1a4d022b\" data-element_type=\"widget\" data-widget_type=\"heading.default\">\n\t\t\t\t<div class=\"elementor-widget-container\">\n\t\t\t<h4 class=\"elementor-heading-title elementor-size-default\">BRANCO NEVE<\/h4>\t\t<\/div>\n\t\t\t\t<\/div>\n\t\t\t\t<div class=\"elementor-element elementor-element-49f54037 elementor-widget elementor-widget-heading\" data-id=\"49f54037\" data-element_type=\"widget\" data-widget_type=\"heading.default\">\n\t\t\t\t<div class=\"elementor-widget-container\">\n\t\t\t<h4 class=\"elementor-heading-title elementor-size-default\">ROSA BEB\u00ca<\/h4>\t\t<\/div>\n\t\t\t\t<\/div>\n\t\t\t\t\t\t<\/div>\n\t\t\t<\/div>\n\t\t<\/div>\n\t\t\t\t<div class=\"elementor-element elementor-element-7b51e3e8 elementor-column elementor-col-25 elementor-top-column\" data-id=\"7b51e3e8\" data-element_type=\"column\">\n\t\t\t<div class=\"elementor-column-wrap  elementor-element-populated\">\n\t\t\t\t\t<div class=\"elementor-widget-wrap\">\n\t\t\t\t<div class=\"elementor-element elementor-element-4827583f elementor-widget elementor-widget-heading\" data-id=\"4827583f\" data-element_type=\"widget\" data-widget_type=\"heading.default\">\n\t\t\t\t<div class=\"elementor-widget-container\">\n\t\t\t<h4 class=\"elementor-heading-title elementor-size-default\">BRANCO GELO<\/h4>\t\t<\/div>\n\t\t\t\t<\/div>\n\t\t\t\t<div class=\"elementor-element elementor-element-2bc2def elementor-widget elementor-widget-heading\" data-id=\"2bc2def\" data-element_type=\"widget\" data-widget_type=\"heading.default\">\n\t\t\t\t<div class=\"elementor-widget-container\">\n\t\t\t<h4 class=\"elementor-heading-title elementor-size-default\">PALHA<\/h4>\t\t<\/div>\n\t\t\t\t<\/div>\n\t\t\t\t\t\t<\/div>\n\t\t\t<\/div>\n\t\t<\/div>\n\t\t\t\t<div class=\"elementor-element elementor-element-102cb8e9 elementor-column elementor-col-25 elementor-top-column\" data-id=\"102cb8e9\" data-element_type=\"column\">\n\t\t\t<div class=\"elementor-column-wrap  elementor-element-populated\">\n\t\t\t\t\t<div class=\"elementor-widget-wrap\">\n\t\t\t\t<div class=\"elementor-element elementor-element-706276c2 elementor-widget elementor-widget-heading\" data-id=\"706276c2\" data-element_type=\"widget\" data-widget_type=\"heading.default\">\n\t\t\t\t<div class=\"elementor-widget-container\">\n\t\t\t<h4 class=\"elementor-heading-title elementor-size-default\">VERDE SEDA<\/h4>\t\t<\/div>\n\t\t\t\t<\/div>\n\t\t\t\t<div class=\"elementor-element elementor-element-77c856a3 elementor-widget elementor-widget-heading\" data-id=\"77c856a3\" data-element_type=\"widget\" data-widget_type=\"heading.default\">\n\t\t\t\t<div class=\"elementor-widget-container\">\n\t\t\t<h4 class=\"elementor-heading-title elementor-size-default\">P\u00c9ROLA<\/h4>\t\t<\/div>\n\t\t\t\t<\/div>\n\t\t\t\t\t\t<\/div>\n\t\t\t<\/div>\n\t\t<\/div>\n\t\t\t\t<div class=\"elementor-element elementor-element-39e1ac32 elementor-column elementor-col-25 elementor-top-column\" data-id=\"39e1ac32\" data-element_type=\"column\">\n\t\t\t<div class=\"elementor-column-wrap  elementor-element-populated\">\n\t\t\t\t\t<div class=\"elementor-widget-wrap\">\n\t\t\t\t<div class=\"elementor-element elementor-element-485fd0da elementor-widget elementor-widget-heading\" data-id=\"485fd0da\" data-element_type=\"widget\" data-widget_type=\"heading.default\">\n\t\t\t\t<div class=\"elementor-widget-container\">\n\t\t\t<h4 class=\"elementor-heading-title elementor-size-default\">MARFIM<\/h4>\t\t<\/div>\n\t\t\t\t<\/div>\n\t\t\t\t<div class=\"elementor-element elementor-element-4ff9e8ad elementor-widget elementor-widget-heading\" data-id=\"4ff9e8ad\" data-element_type=\"widget\" data-widget_type=\"heading.default\">\n\t\t\t\t<div class=\"elementor-widget-container\">\n\t\t\t<h4 class=\"elementor-heading-title elementor-size-default\">AZUL C\u00c9U<\/h4>\t\t<\/div>\n\t\t\t\t<\/div>\n\t\t\t\t\t\t<\/div>\n\t\t\t<\/div>\n\t\t<\/div>\n\t\t\t\t\t\t<\/div>\n\t\t\t<\/div>\n\t\t<\/section>\n\t\t\t\t\t\t<\/div>\n\t\t\t<\/div>\n\t\t<\/div>\n\t\t<\/div>\n\t\t\t\t<\/div>\n\t\t\t\t<\/div>\n\t\t\t\t<div class=\"elementor-element elementor-element-b593b5a elementor-widget elementor-widget-spacer\" data-id=\"b593b5a\" data-element_type=\"widget\" data-widget_type=\"spacer.default\">\n\t\t\t\t<div class=\"elementor-widget-container\">\n\t\t\t\t\t<div class=\"elementor-spacer\">\n\t\t\t<div class=\"elementor-spacer-inner\"><\/div>\n\t\t<\/div>\n\t\t\t\t<\/div>\n\t\t\t\t<\/div>\n\t\t\t\t\t\t<\/div>\n\t\t\t<\/div>\n\t\t<\/div>\n\t\t\t\t\t\t<\/div>\n\t\t\t<\/div>\n\t\t<\/section>\n\t\t\t\t\t\t<\/div>\n\t\t\t<\/div>\n\t\t<\/div>\n\t\t","protected":false},"excerpt":{"rendered":"<p style=\"font-size: 16px; text-align: justify;\">Vinil Acr\u00edlica Karioka \u00e9 um revestimento selante acr\u00edlico para quem deseja elevada economia. \u00c9 de f\u00e1cil aplica\u00e7\u00e3o, r\u00e1pida secagem e m\u00ednimo respingamento. A qualidade de sua pel\u00edcula propicia boa ader\u00eancia \u00e0s mais diferentes superficies. Indicado para superf\u00edcies internas de alvenaria, cer\u00e2mica n\u00e3o vitrificada e blocos de cimento.<\/p>\n","protected":false},"featured_media":494,"template":"","meta":[],"_links":{"self":[{"href":"https:\/\/tintaskarioka.com.br\/index.php\/wp-json\/wp\/v2\/product\/986"}],"collection":[{"href":"https:\/\/tintaskarioka.com.br\/index.php\/wp-json\/wp\/v2\/product"}],"about":[{"href":"https:\/\/tintaskarioka.com.br\/index.php\/wp-json\/wp\/v2\/types\/product"}],"version-history":[{"count":2,"href":"https:\/\/tintaskarioka.com.br\/index.php\/wp-json\/wp\/v2\/product\/986\/revisions"}],"predecessor-version":[{"id":993,"href":"https:\/\/tintaskarioka.com.br\/index.php\/wp-json\/wp\/v2\/product\/986\/revisions\/993"}],"wp:featuredmedia":[{"embeddable":true,"href":"https:\/\/tintaskarioka.com.br\/index.php\/wp-json\/wp\/v2\/media\/494"}],"wp:attachment":[{"href":"https:\/\/tintaskarioka.com.br\/index.php\/wp-json\/wp\/v2\/media?parent=986"}],"curies":[{"name":"wp","href":"https:\/\/api.w.org\/{rel}","templated":true}]}}