{"id":896,"date":"2020-08-25T21:16:48","date_gmt":"2020-08-26T00:16:48","guid":{"rendered":"http:\/\/tintaskarioka.com.br\/?post_type=product&#038;p=896"},"modified":"2020-08-25T21:21:55","modified_gmt":"2020-08-26T00:21:55","slug":"fundo-preparador-de-paredes-aguia","status":"publish","type":"product","link":"https:\/\/tintaskarioka.com.br\/index.php\/produto\/fundo-preparador-de-paredes-aguia\/","title":{"rendered":"FUNDO PREPARADOR DE PAREDES AGUIA"},"content":{"rendered":"\t\t<div data-elementor-type=\"product-post\" data-elementor-id=\"896\" class=\"elementor elementor-896\" data-elementor-settings=\"[]\">\n\t\t\t<div class=\"elementor-inner\">\n\t\t\t\t<div class=\"elementor-section-wrap\">\n\t\t\t\t\t\t\t<section class=\"elementor-element elementor-element-c609e8f elementor-section-boxed elementor-section-height-default elementor-section-height-default elementor-section elementor-top-section\" data-id=\"c609e8f\" data-element_type=\"section\" data-settings=\"{&quot;shape_divider_top&quot;:&quot;mountains&quot;}\">\n\t\t\t\t\t<div class=\"elementor-shape elementor-shape-top\" data-negative=\"false\">\n\t\t\t<svg xmlns=\"http:\/\/www.w3.org\/2000\/svg\" viewBox=\"0 0 1000 100\" preserveAspectRatio=\"none\">\n\t<path class=\"elementor-shape-fill\" opacity=\"0.33\" d=\"M473,67.3c-203.9,88.3-263.1-34-320.3,0C66,119.1,0,59.7,0,59.7V0h1000v59.7 c0,0-62.1,26.1-94.9,29.3c-32.8,3.3-62.8-12.3-75.8-22.1C806,49.6,745.3,8.7,694.9,4.7S492.4,59,473,67.3z\"\/>\n\t<path class=\"elementor-shape-fill\" opacity=\"0.66\" d=\"M734,67.3c-45.5,0-77.2-23.2-129.1-39.1c-28.6-8.7-150.3-10.1-254,39.1 s-91.7-34.4-149.2,0C115.7,118.3,0,39.8,0,39.8V0h1000v36.5c0,0-28.2-18.5-92.1-18.5C810.2,18.1,775.7,67.3,734,67.3z\"\/>\n\t<path class=\"elementor-shape-fill\" d=\"M766.1,28.9c-200-57.5-266,65.5-395.1,19.5C242,1.8,242,5.4,184.8,20.6C128,35.8,132.3,44.9,89.9,52.5C28.6,63.7,0,0,0,0 h1000c0,0-9.9,40.9-83.6,48.1S829.6,47,766.1,28.9z\"\/>\n<\/svg>\t\t<\/div>\n\t\t\t\t\t<div class=\"elementor-container elementor-column-gap-default\">\n\t\t\t\t<div class=\"elementor-row\">\n\t\t\t\t<div class=\"elementor-element elementor-element-580a15f elementor-column elementor-col-100 elementor-top-column\" data-id=\"580a15f\" data-element_type=\"column\">\n\t\t\t<div class=\"elementor-column-wrap  elementor-element-populated\">\n\t\t\t\t\t<div class=\"elementor-widget-wrap\">\n\t\t\t\t<div class=\"elementor-element elementor-element-1bc0128 elementor-widget elementor-widget-spacer\" data-id=\"1bc0128\" data-element_type=\"widget\" data-widget_type=\"spacer.default\">\n\t\t\t\t<div class=\"elementor-widget-container\">\n\t\t\t\t\t<div class=\"elementor-spacer\">\n\t\t\t<div class=\"elementor-spacer-inner\"><\/div>\n\t\t<\/div>\n\t\t\t\t<\/div>\n\t\t\t\t<\/div>\n\t\t\t\t<div class=\"elementor-element elementor-element-03870a9 elementor-widget elementor-widget-heading\" data-id=\"03870a9\" data-element_type=\"widget\" data-widget_type=\"heading.default\">\n\t\t\t\t<div class=\"elementor-widget-container\">\n\t\t\t<h2 class=\"elementor-heading-title elementor-size-default\">Informa\u00e7\u00f5es<\/h2>\t\t<\/div>\n\t\t\t\t<\/div>\n\t\t\t\t<div class=\"elementor-element elementor-element-4f61cb2 elementor-widget elementor-widget-image\" data-id=\"4f61cb2\" data-element_type=\"widget\" data-widget_type=\"image.default\">\n\t\t\t\t<div class=\"elementor-widget-container\">\n\t\t\t\t\t<div class=\"elementor-image\">\n\t\t\t\t\t\t\t\t\t\t<img width=\"768\" height=\"290\" src=\"https:\/\/tintaskarioka.com.br\/wp-content\/uploads\/2020\/08\/AGUIA-FUNDO-PREPARADOR-DE-PAREDES-e1598401168143-768x290.png\" class=\"attachment-medium_large size-medium_large\" alt=\"\" decoding=\"async\" loading=\"lazy\" srcset=\"https:\/\/tintaskarioka.com.br\/wp-content\/uploads\/2020\/08\/AGUIA-FUNDO-PREPARADOR-DE-PAREDES-e1598401168143-768x290.png 768w, https:\/\/tintaskarioka.com.br\/wp-content\/uploads\/2020\/08\/AGUIA-FUNDO-PREPARADOR-DE-PAREDES-e1598401168143-300x113.png 300w, https:\/\/tintaskarioka.com.br\/wp-content\/uploads\/2020\/08\/AGUIA-FUNDO-PREPARADOR-DE-PAREDES-e1598401168143-1024x386.png 1024w, https:\/\/tintaskarioka.com.br\/wp-content\/uploads\/2020\/08\/AGUIA-FUNDO-PREPARADOR-DE-PAREDES-e1598401168143-600x226.png 600w, https:\/\/tintaskarioka.com.br\/wp-content\/uploads\/2020\/08\/AGUIA-FUNDO-PREPARADOR-DE-PAREDES-e1598401168143.png 1363w\" sizes=\"(max-width: 768px) 100vw, 768px\" \/>\t\t\t\t\t\t\t\t\t\t\t<\/div>\n\t\t\t\t<\/div>\n\t\t\t\t<\/div>\n\t\t\t\t<div class=\"elementor-element elementor-element-0fe57e0 elementor-widget elementor-widget-spacer\" data-id=\"0fe57e0\" data-element_type=\"widget\" data-widget_type=\"spacer.default\">\n\t\t\t\t<div class=\"elementor-widget-container\">\n\t\t\t\t\t<div class=\"elementor-spacer\">\n\t\t\t<div class=\"elementor-spacer-inner\"><\/div>\n\t\t<\/div>\n\t\t\t\t<\/div>\n\t\t\t\t<\/div>\n\t\t\t\t<div class=\"elementor-element elementor-element-b593b5a elementor-widget elementor-widget-spacer\" data-id=\"b593b5a\" data-element_type=\"widget\" data-widget_type=\"spacer.default\">\n\t\t\t\t<div class=\"elementor-widget-container\">\n\t\t\t\t\t<div class=\"elementor-spacer\">\n\t\t\t<div class=\"elementor-spacer-inner\"><\/div>\n\t\t<\/div>\n\t\t\t\t<\/div>\n\t\t\t\t<\/div>\n\t\t\t\t\t\t<\/div>\n\t\t\t<\/div>\n\t\t<\/div>\n\t\t\t\t\t\t<\/div>\n\t\t\t<\/div>\n\t\t<\/section>\n\t\t\t\t\t\t<\/div>\n\t\t\t<\/div>\n\t\t<\/div>\n\t\t","protected":false},"excerpt":{"rendered":"<p style=\"font-size: 16px; text-align: justify;\">Fundo Preparador de Paredes Aguia \u00e9 indicado para preparar paredes que ser\u00e3o pintadas ou texturadas, de forma a solucionar problemas da superf\u00edcie, agregando part\u00edculas soltas. O produto garante uma melhor ader\u00eancia no acabamento e forma uma barreira contra a alcalinidade. Pode ser aplicado em ambientes internos e externos, sendo indicado para superf\u00edcies de reboco fraco, concreto novo, pinturas descascadas, paredes caiadas, gesso e cimento-amianto.<\/p>\n","protected":false},"featured_media":635,"template":"","meta":[],"_links":{"self":[{"href":"https:\/\/tintaskarioka.com.br\/index.php\/wp-json\/wp\/v2\/product\/896"}],"collection":[{"href":"https:\/\/tintaskarioka.com.br\/index.php\/wp-json\/wp\/v2\/product"}],"about":[{"href":"https:\/\/tintaskarioka.com.br\/index.php\/wp-json\/wp\/v2\/types\/product"}],"version-history":[{"count":2,"href":"https:\/\/tintaskarioka.com.br\/index.php\/wp-json\/wp\/v2\/product\/896\/revisions"}],"predecessor-version":[{"id":898,"href":"https:\/\/tintaskarioka.com.br\/index.php\/wp-json\/wp\/v2\/product\/896\/revisions\/898"}],"wp:featuredmedia":[{"embeddable":true,"href":"https:\/\/tintaskarioka.com.br\/index.php\/wp-json\/wp\/v2\/media\/635"}],"wp:attachment":[{"href":"https:\/\/tintaskarioka.com.br\/index.php\/wp-json\/wp\/v2\/media?parent=896"}],"curies":[{"name":"wp","href":"https:\/\/api.w.org\/{rel}","templated":true}]}}