{"id":22,"date":"2020-07-17T12:29:33","date_gmt":"2020-07-17T15:29:33","guid":{"rendered":"http:\/\/tintaskarioka.com.br\/?page_id=22"},"modified":"2020-09-25T15:30:49","modified_gmt":"2020-09-25T18:30:49","slug":"sobre-nos","status":"publish","type":"page","link":"https:\/\/tintaskarioka.com.br\/index.php\/sobre-nos\/","title":{"rendered":"Sobre N\u00f3s"},"content":{"rendered":"\t\t<div data-elementor-type=\"wp-page\" data-elementor-id=\"22\" class=\"elementor elementor-22\" data-elementor-settings=\"[]\">\n\t\t\t<div class=\"elementor-inner\">\n\t\t\t\t<div class=\"elementor-section-wrap\">\n\t\t\t\t\t\t\t<section class=\"elementor-element elementor-element-cf6d353 elementor-section-boxed elementor-section-height-default elementor-section-height-default elementor-section elementor-top-section\" data-id=\"cf6d353\" data-element_type=\"section\" data-settings=\"{&quot;background_background&quot;:&quot;classic&quot;}\">\n\t\t\t\t\t\t<div class=\"elementor-container elementor-column-gap-default\">\n\t\t\t\t<div class=\"elementor-row\">\n\t\t\t\t<div class=\"elementor-element elementor-element-517f937 elementor-column elementor-col-16 elementor-top-column\" data-id=\"517f937\" data-element_type=\"column\">\n\t\t\t<div class=\"elementor-column-wrap\">\n\t\t\t\t\t<div class=\"elementor-widget-wrap\">\n\t\t\t\t\t\t<\/div>\n\t\t\t<\/div>\n\t\t<\/div>\n\t\t\t\t<div class=\"elementor-element elementor-element-6d02c7e elementor-column elementor-col-66 elementor-top-column\" data-id=\"6d02c7e\" data-element_type=\"column\">\n\t\t\t<div class=\"elementor-column-wrap  elementor-element-populated\">\n\t\t\t\t\t<div class=\"elementor-widget-wrap\">\n\t\t\t\t<div class=\"elementor-element elementor-element-3a5ac61 elementor-widget elementor-widget-spacer\" data-id=\"3a5ac61\" data-element_type=\"widget\" data-widget_type=\"spacer.default\">\n\t\t\t\t<div class=\"elementor-widget-container\">\n\t\t\t\t\t<div class=\"elementor-spacer\">\n\t\t\t<div class=\"elementor-spacer-inner\"><\/div>\n\t\t<\/div>\n\t\t\t\t<\/div>\n\t\t\t\t<\/div>\n\t\t\t\t<div class=\"elementor-element elementor-element-7c2fae7 elementor-widget elementor-widget-heading\" data-id=\"7c2fae7\" data-element_type=\"widget\" data-widget_type=\"heading.default\">\n\t\t\t\t<div class=\"elementor-widget-container\">\n\t\t\t<h2 class=\"elementor-heading-title elementor-size-default\">Sobre N\u00f3s<\/h2>\t\t<\/div>\n\t\t\t\t<\/div>\n\t\t\t\t<div class=\"elementor-element elementor-element-22f7616 elementor-widget elementor-widget-text-editor\" data-id=\"22f7616\" data-element_type=\"widget\" data-widget_type=\"text-editor.default\">\n\t\t\t\t<div class=\"elementor-widget-container\">\n\t\t\t\t\t<div class=\"elementor-text-editor elementor-clearfix\"><p>Fundada em 19 de junho de 1997, a Tintas Karioka \u00e9 especializada na fabrica\u00e7\u00e3o de Tintas, Texturas, Complementos para Pintura emgeral e Impermeabilizantes. Com sede ocupando uma \u00e1rea de 4.000 m\u00b2 na Cidade de Nova Igua\u00e7u , Rio de Janeiro, possui excelente estrutura fabril que est\u00e1 rigorosamenteem conformidade com a legisla\u00e7\u00e3o em vigor. A Tintas Karioka est\u00e1 capacitada a atendertodo o mercado brasileiro, com o compromisso permanente na qualidade e satisfa\u00e7\u00e3odos clientes. Aguia agora \u00e9 Karioka, a marca com mais de 90 anos no mercado de tintas, junto com os impermeabilizantes da Impex, complementam os produtos da fam\u00edlia Karioka, uma linha completa, feita para voc\u00ea que \u00e9 apaixonado(a) pelo Rio!<\/p><\/div>\n\t\t\t\t<\/div>\n\t\t\t\t<\/div>\n\t\t\t\t<div class=\"elementor-element elementor-element-50db848 elementor-widget elementor-widget-spacer\" data-id=\"50db848\" data-element_type=\"widget\" data-widget_type=\"spacer.default\">\n\t\t\t\t<div class=\"elementor-widget-container\">\n\t\t\t\t\t<div class=\"elementor-spacer\">\n\t\t\t<div class=\"elementor-spacer-inner\"><\/div>\n\t\t<\/div>\n\t\t\t\t<\/div>\n\t\t\t\t<\/div>\n\t\t\t\t\t\t<\/div>\n\t\t\t<\/div>\n\t\t<\/div>\n\t\t\t\t<div class=\"elementor-element elementor-element-5d0fe2c elementor-column elementor-col-16 elementor-top-column\" data-id=\"5d0fe2c\" data-element_type=\"column\">\n\t\t\t<div class=\"elementor-column-wrap\">\n\t\t\t\t\t<div class=\"elementor-widget-wrap\">\n\t\t\t\t\t\t<\/div>\n\t\t\t<\/div>\n\t\t<\/div>\n\t\t\t\t\t\t<\/div>\n\t\t\t<\/div>\n\t\t<\/section>\n\t\t\t\t\t\t<\/div>\n\t\t\t<\/div>\n\t\t<\/div>\n\t\t","protected":false},"excerpt":{"rendered":"<p>Sobre N\u00f3s Fundada em 19 de junho de 1997, a Tintas Karioka \u00e9 especializada na fabrica\u00e7\u00e3o de Tintas, Texturas, Complementos para Pintura emgeral e Impermeabilizantes. Com sede ocupando uma \u00e1rea de 4.000 m\u00b2 na Cidade de Nova Igua\u00e7u , Rio de Janeiro, possui excelente estrutura fabril que est\u00e1 rigorosamenteem conformidade com a legisla\u00e7\u00e3o em vigor.&hellip;<\/p>\n","protected":false},"author":1,"featured_media":0,"parent":0,"menu_order":0,"comment_status":"closed","ping_status":"closed","template":"elementor_header_footer","meta":[],"_links":{"self":[{"href":"https:\/\/tintaskarioka.com.br\/index.php\/wp-json\/wp\/v2\/pages\/22"}],"collection":[{"href":"https:\/\/tintaskarioka.com.br\/index.php\/wp-json\/wp\/v2\/pages"}],"about":[{"href":"https:\/\/tintaskarioka.com.br\/index.php\/wp-json\/wp\/v2\/types\/page"}],"author":[{"embeddable":true,"href":"https:\/\/tintaskarioka.com.br\/index.php\/wp-json\/wp\/v2\/users\/1"}],"replies":[{"embeddable":true,"href":"https:\/\/tintaskarioka.com.br\/index.php\/wp-json\/wp\/v2\/comments?post=22"}],"version-history":[{"count":14,"href":"https:\/\/tintaskarioka.com.br\/index.php\/wp-json\/wp\/v2\/pages\/22\/revisions"}],"predecessor-version":[{"id":1129,"href":"https:\/\/tintaskarioka.com.br\/index.php\/wp-json\/wp\/v2\/pages\/22\/revisions\/1129"}],"wp:attachment":[{"href":"https:\/\/tintaskarioka.com.br\/index.php\/wp-json\/wp\/v2\/media?parent=22"}],"curies":[{"name":"wp","href":"https:\/\/api.w.org\/{rel}","templated":true}]}}